{"id":20809,"date":"2025-08-21T06:58:45","date_gmt":"2025-08-21T06:58:45","guid":{"rendered":"https:\/\/mastermindbooks.com\/?post_type=product&#038;p=20809"},"modified":"2025-08-21T07:00:05","modified_gmt":"2025-08-21T07:00:05","slug":"the-chakra-handbook-from-basic-understanding-to-practical-application","status":"publish","type":"product","link":"https:\/\/mastermindbooks.com\/index.php\/product\/the-chakra-handbook-from-basic-understanding-to-practical-application\/","title":{"rendered":"The Chakra Handb\u2026"},"content":{"rendered":"<p>We believe that no other area of knowledge can answer these questions as thoroughly as the knowledge of the human energy centers, otherwise known as \u00f1chakras\u00ee. In learning to understand the full scope of the chakras\u00cd purpose and way of functioning, we see gain insight into the<\/p>\n<p>potential of man for perfection, a potential which is so fascinating and noble that all we can do is stand in awe of the miracle of creation.<\/p>\n<p>The purpose of this book is to help you recognize and realize this inherent human potential. In order to work with the chakras effectively, it is not necessary to possess claivoyant gifts or powers of any sort. The activation and harmonization of the chakras is so easy that at certain points along the path we gained the impression that the knowledge of them is wrapped in mystery<\/p>\n","protected":false},"excerpt":{"rendered":"<h3 class=\"product-title h5\">A comprehensive guide to harmonising the energy centers with music, colors, gemstones, scents, breathing techniques, reflex zone massage, aspects of nature and meditation<\/h3>\n","protected":false},"featured_media":20812,"template":"","meta":[],"product_brand":[],"product_cat":[77,73],"product_tag":[],"class_list":{"0":"post-20809","1":"product","2":"type-product","3":"status-publish","4":"has-post-thumbnail","6":"product_cat-english-books","7":"product_cat-yoga-books","9":"first","10":"instock","11":"sale","12":"shipping-taxable","13":"purchasable","14":"product-type-simple"},"_links":{"self":[{"href":"https:\/\/mastermindbooks.com\/index.php\/wp-json\/wp\/v2\/product\/20809","targetHints":{"allow":["GET"]}}],"collection":[{"href":"https:\/\/mastermindbooks.com\/index.php\/wp-json\/wp\/v2\/product"}],"about":[{"href":"https:\/\/mastermindbooks.com\/index.php\/wp-json\/wp\/v2\/types\/product"}],"version-history":[{"count":1,"href":"https:\/\/mastermindbooks.com\/index.php\/wp-json\/wp\/v2\/product\/20809\/revisions"}],"predecessor-version":[{"id":20811,"href":"https:\/\/mastermindbooks.com\/index.php\/wp-json\/wp\/v2\/product\/20809\/revisions\/20811"}],"wp:featuredmedia":[{"embeddable":true,"href":"https:\/\/mastermindbooks.com\/index.php\/wp-json\/wp\/v2\/media\/20812"}],"wp:attachment":[{"href":"https:\/\/mastermindbooks.com\/index.php\/wp-json\/wp\/v2\/media?parent=20809"}],"wp:term":[{"taxonomy":"product_brand","embeddable":true,"href":"https:\/\/mastermindbooks.com\/index.php\/wp-json\/wp\/v2\/product_brand?post=20809"},{"taxonomy":"product_cat","embeddable":true,"href":"https:\/\/mastermindbooks.com\/index.php\/wp-json\/wp\/v2\/product_cat?post=20809"},{"taxonomy":"product_tag","embeddable":true,"href":"https:\/\/mastermindbooks.com\/index.php\/wp-json\/wp\/v2\/product_tag?post=20809"}],"curies":[{"name":"wp","href":"https:\/\/api.w.org\/{rel}","templated":true}]}}