{"id":20556,"date":"2025-08-11T12:09:38","date_gmt":"2025-08-11T12:09:38","guid":{"rendered":"https:\/\/mastermindbooks.com\/?post_type=product&#038;p=20556"},"modified":"2025-08-11T12:09:38","modified_gmt":"2025-08-11T12:09:38","slug":"sri-devi-mahatmyam","status":"publish","type":"product","link":"https:\/\/mastermindbooks.com\/index.php\/product\/sri-devi-mahatmyam\/","title":{"rendered":"Sri Devi Mahatmy\u2026"},"content":{"rendered":"<p>\u015ar\u012b Dev\u012b M\u0101h\u0101tmyam, a profound elucidation of the transformative power, glory, and greatness of the Supreme Goddess Candik\u0101, is a hymn with 578 verses, reckoned as 700 Mantras. It serves as a beacon of hope, inspiring us to strive for spiritual growth, leading us towards perfection and realising Moksha. This tribute, known as &#8216;\u015ar\u012b Durga Sapta\u015bat\u012b&#8217; (700), testifies to the uplifting power of the Goddess.<\/p>\n","protected":false},"excerpt":{"rendered":"<p>\u015ar\u012b Dev\u012b M\u0101h\u0101tmyam, a profound elucidation of the transformative power, glory, and greatness of the Supreme Goddess Candik\u0101, is a<\/p>\n","protected":false},"featured_media":20560,"template":"","meta":[],"product_brand":[],"product_cat":[77,803],"product_tag":[],"class_list":{"0":"post-20556","1":"product","2":"type-product","3":"status-publish","4":"has-post-thumbnail","6":"product_cat-english-books","7":"product_cat-religion","9":"first","10":"instock","11":"sale","12":"shipping-taxable","13":"purchasable","14":"product-type-simple"},"_links":{"self":[{"href":"https:\/\/mastermindbooks.com\/index.php\/wp-json\/wp\/v2\/product\/20556","targetHints":{"allow":["GET"]}}],"collection":[{"href":"https:\/\/mastermindbooks.com\/index.php\/wp-json\/wp\/v2\/product"}],"about":[{"href":"https:\/\/mastermindbooks.com\/index.php\/wp-json\/wp\/v2\/types\/product"}],"version-history":[{"count":1,"href":"https:\/\/mastermindbooks.com\/index.php\/wp-json\/wp\/v2\/product\/20556\/revisions"}],"predecessor-version":[{"id":20561,"href":"https:\/\/mastermindbooks.com\/index.php\/wp-json\/wp\/v2\/product\/20556\/revisions\/20561"}],"wp:featuredmedia":[{"embeddable":true,"href":"https:\/\/mastermindbooks.com\/index.php\/wp-json\/wp\/v2\/media\/20560"}],"wp:attachment":[{"href":"https:\/\/mastermindbooks.com\/index.php\/wp-json\/wp\/v2\/media?parent=20556"}],"wp:term":[{"taxonomy":"product_brand","embeddable":true,"href":"https:\/\/mastermindbooks.com\/index.php\/wp-json\/wp\/v2\/product_brand?post=20556"},{"taxonomy":"product_cat","embeddable":true,"href":"https:\/\/mastermindbooks.com\/index.php\/wp-json\/wp\/v2\/product_cat?post=20556"},{"taxonomy":"product_tag","embeddable":true,"href":"https:\/\/mastermindbooks.com\/index.php\/wp-json\/wp\/v2\/product_tag?post=20556"}],"curies":[{"name":"wp","href":"https:\/\/api.w.org\/{rel}","templated":true}]}}